{"id":29,"date":"2022-06-20T14:51:49","date_gmt":"2022-06-20T19:51:49","guid":{"rendered":"http:\/\/localhost\/zywave-websites\/spanish-content\/?page_id=29"},"modified":"2026-02-09T07:15:32","modified_gmt":"2026-02-09T13:15:32","slug":"politaica-de-privacidad","status":"publish","type":"page","link":"https:\/\/www.lsmtax.com\/es\/politaica-de-privacidad\/","title":{"rendered":"Politica de privacidad"},"content":{"rendered":"<p>Este aviso describe nuestra pol\u00edtica de privacidad (\u00abAviso\u00bb). Al visitar nuestro Sitio web (\u00abSitio web\u00bb), usted acepta las pr\u00e1cticas descritas en este Aviso.<\/p>\n<p><b>ART\u00cdCULO I\u2013 PRINCIPIOS:<\/b><\/p>\n<p>Secci\u00f3n 1.01 &#8212; Principios: podemos recopilar y utilizar informaci\u00f3n de la siguiente manera:<\/p>\n<blockquote>\n<p>(1) Aviso: podemos recopilar y utilizar informaci\u00f3n de la siguiente manera:<\/p>\n<blockquote>\n<p>(a) Informaci\u00f3n voluntaria: recibiremos y almacenaremos cualquier informaci\u00f3n que ingrese en el sitio web o que nos brinde de cualquier otra manera que lo identifique personalmente para mejorar su experiencia en el sitio web, para obtener una mejor comprensi\u00f3n general de la tipo de personas que visitan el sitio web y para permitirnos comunicarnos con usted cuando sea necesario. Por lo general, proporcionar\u00e1 informaci\u00f3n en el sitio web para la compra de productos o servicios o cuando env\u00ede comentarios o preguntas para que los revisemos.<\/p>\n<p>(b) Informaci\u00f3n autom\u00e1tica: para permitirnos proporcionar el contenido que los usuarios necesitan y desean, recopilamos estad\u00edsticas agregadas de visitas al sitio mediante cookies. Una Cookie es simplemente un peque\u00f1o archivo de datos que colocamos en el disco duro de su computadora cuando visita el Sitio Web por primera vez (\u00abCookie\u00bb). Este archivo contiene un n\u00famero \u00fanico que nos ayuda a identificarlo cuando regrese al sitio web. Las cookies son empleadas por miles de sitios web para mejorar la experiencia de visualizaci\u00f3n web de los usuarios. Las cookies no pueden da\u00f1ar los archivos de los usuarios ni leer informaci\u00f3n de los discos duros de los usuarios. Combinamos toda la informaci\u00f3n de uso proporcionada por dichas cookies y no controlamos su uso del sitio web. Permitirnos crear una Cookie en su disco duro no nos dar\u00e1 a nosotros ni a ning\u00fan otro sitio acceso al resto del disco duro de su computadora, y solo nosotros podremos leer la Cookie que crea el Sitio Web.<\/p>\n<p>(c) Uso de la informaci\u00f3n: Usamos la informaci\u00f3n para la identificaci\u00f3n personal; para obtener una mejor comprensi\u00f3n general del tipo de personas que visitan el Sitio Web; para responder a sus solicitudes de compra, comentarios o preguntas; para mejorar su experiencia en el Sitio Web; para recopilar estad\u00edsticas agregadas de visitas al sitio; y para alertarlo sobre mejoras de productos, ofertas especiales, informaci\u00f3n actualizada y otros servicios nuevos de nuestra parte. Tambi\u00e9n usamos la informaci\u00f3n para avisarle de los descuentos de renovaci\u00f3n de la suscripci\u00f3n, para renovar autom\u00e1ticamente su suscripci\u00f3n y avisarle de las pr\u00f3ximas ofertas de servicios y eventos.<\/p>\n<p>Podemos divulgar informaci\u00f3n a terceros, o divulgar listas de clientes a usuarios comerciales o caritativos de la misma. La divulgaci\u00f3n para tales fines se limita a su nombre, empresa, cargo, direcci\u00f3n, n\u00fameros de tel\u00e9fono y de fax, y sitio web y direcciones de correo electr\u00f3nico. Si no desea que se divulgue dicha informaci\u00f3n, h\u00e1ganoslo saber <a href=\"https:\/\/lsinsurancetax.seven.zysites.com\/es\/contactenos\/\">contact\u00e1ndonos<\/a>. Para permitirnos procesar su solicitud, incluya su nombre y direcci\u00f3n. Una vez notificado correctamente, eliminaremos su nombre de las listas y divulgaciones tan pronto como podamos en el curso de las pr\u00e1cticas comerciales normales.<\/p>\n<p>Cuando solicita productos o servicios de nosotros, le solicitamos su n\u00famero de tarjeta de cr\u00e9dito y direcci\u00f3n de facturaci\u00f3n. Usamos esta informaci\u00f3n solo para facturarle los productos o servicios que solicita en ese momento y para ning\u00fan otro prop\u00f3sito. Las suscripciones anuales se pagan en la fecha de compra de la Suscripci\u00f3n y se renuevan autom\u00e1ticamente cada aniversario a menos que se cancelen por escrito treinta d\u00edas antes de cada fecha de aniversario.<\/p>\n<p>Cualquier pregunta o comentario del usuario que nos env\u00ede puede estar disponible en las secciones p\u00fablicas del sitio web, incluida una secci\u00f3n titulada \u00abPreguntas frecuentes\u00bb, inmediatamente despu\u00e9s de que se nos env\u00eden dichas preguntas o comentarios. Si publicamos las preguntas de los usuarios, dichas preguntas no contendr\u00e1n datos que identifiquen al usuario o las partes espec\u00edficas involucradas. Tambi\u00e9n nos reservamos el derecho de utilizar los comentarios de los usuarios que nos env\u00eden con fines promocionales y, al enviarnos dichos comentarios, usted acepta que podemos hacerlo.<\/p>\n<p>Podemos divulgar cualquier informaci\u00f3n del usuario si es necesario para cumplir con la ley; para hacer cumplir o aplicar los T\u00e9rminos y Condiciones del Sitio Web; o bajo la creencia de buena fe de que la divulgaci\u00f3n es necesaria o aconsejable, lo que incluye, entre otros, proteger los derechos, las propiedades o la seguridad de nosotros o nuestros usuarios.<\/p>\n<\/blockquote>\n<p>(2) Elecci\u00f3n: le damos a elegir el tipo y la cantidad de informaci\u00f3n privada que tenemos, de la siguiente manera:<\/p>\n<blockquote>\n<p>(a) Informaci\u00f3n voluntaria: siempre puede optar por no proporcionarnos cierta informaci\u00f3n. Si elige no proporcionar informaci\u00f3n personal, a\u00fan puede usar muchas partes del sitio web. Sin embargo, no podr\u00e1 comprar productos y servicios y no podr\u00e1 aprovechar muchas de nuestras funciones. Si nos ha proporcionado previamente cierta informaci\u00f3n y desea eliminar dicha informaci\u00f3n de nuestras bases de datos, o si no desea que su informaci\u00f3n se divulgue a terceros, puede <a href=\"https:\/\/lsinsurancetax.seven.zysites.com\/es\/contactenos\/\">contactar nosotros<\/a> para eliminar dicha informaci\u00f3n.<br \/>\n(b) Informaci\u00f3n autom\u00e1tica: la mayor\u00eda de los navegadores web aceptan autom\u00e1ticamente las cookies, pero si lo prefiere, puede editar las opciones de su navegador para bloquear las cookies en el futuro. La parte de \u00abAyuda\u00bb de la barra de herramientas en la mayor\u00eda de los navegadores le explicar\u00e1 c\u00f3mo puede evitar que su navegador acepte nuevas Cookies, c\u00f3mo configurar el navegador para que le informe cuando reciba una nueva Cookie o c\u00f3mo rechazar las Cookies por completo.<\/p>\n<\/blockquote>\n<p>(3) Acceso: le brindamos la posibilidad de garantizar que su informaci\u00f3n personal sea correcta y est\u00e9 actualizada. Puede revisar y actualizar su informaci\u00f3n personal <a href=\"https:\/\/lsinsurancetax.seven.zysites.com\/es\/contactenos\/\">contact\u00e1ndonos<\/a>. Por motivos de seguridad, requerimos la verificaci\u00f3n del usuario a trav\u00e9s del nombre de usuario y la contrase\u00f1a del usuario para recibir informaci\u00f3n personal.<\/p>\n<p>(4) Seguridad: Protegemos la seguridad de su informaci\u00f3n personal. Tomamos medidas para proteger sus datos contra p\u00e9rdida, mal uso, alteraci\u00f3n, destrucci\u00f3n o acceso no autorizado. Utilizamos tecnolog\u00edas de seguridad sofisticadas para proteger la informaci\u00f3n de pedidos, el nombre de usuario y la contrase\u00f1a de los usuarios. Ciframos la informaci\u00f3n de pedido de los usuarios, el nombre de usuario y la contrase\u00f1a (incluido el n\u00famero de cuenta de la tarjeta de cr\u00e9dito de los usuarios) mediante la tecnolog\u00eda Secure Socket Layer (\u00abSSL\u00bb). SSL es un sistema de codificaci\u00f3n comprobado que permite que su navegador cifre o codifique autom\u00e1ticamente los datos antes de que nos los env\u00ede. Para admitir esta tecnolog\u00eda, los usuarios deben tener un navegador compatible con SSL. SSL es una de las tecnolog\u00edas de encriptaci\u00f3n m\u00e1s seguras disponibles. Si bien utilizamos una tecnolog\u00eda de seguridad tan sofisticada para proteger la informaci\u00f3n de pedidos, el nombre de usuario y la contrase\u00f1a de los usuarios, no podemos garantizar que cualquier comercio electr\u00f3nico sea totalmente seguro.<\/p>\n<\/blockquote>\n<p>Secci\u00f3n 2.01 &#8212; Protecci\u00f3n del usuario: usted es responsable de mantener en secreto su nombre de usuario, contrase\u00f1a y cualquier informaci\u00f3n de la cuenta. Es importante que sea responsable y proteja su nombre de usuario, contrase\u00f1a y computadora contra usuarios no autorizados. Es importante cerrar la sesi\u00f3n cuando haya terminado de usar una computadora accesible para otros.<\/p>\n<p>Secci\u00f3n 3.01 &#8212; Ni\u00f1os: No vendemos productos para ni\u00f1os. Los usuarios del Sitio Web deben tener al menos dieciocho a\u00f1os. Si un ni\u00f1o nos ha proporcionado informaci\u00f3n personal, el padre o tutor de ese ni\u00f1o debe <a href=\"https:\/\/lsinsurancetax.seven.zysites.com\/es\/contactenos\/\">comun\u00edquese con nosotros<\/a> para eliminar dicha informaci\u00f3n de nuestros registros.<\/p>\n<p>Secci\u00f3n 4.01 &#8212; Sitios web de terceros: tenga en cuenta que el sitio web puede tener enlaces a sitios web de terceros que pueden recopilar informaci\u00f3n de identificaci\u00f3n personal sobre usted. Cuando hace clic en uno de estos enlaces de terceros, ingresa a otro sitio web del cual no tenemos responsabilidad. Este Aviso no cubre las pr\u00e1cticas o pol\u00edticas de informaci\u00f3n de dichos sitios web de terceros. Lo alentamos a que lea las declaraciones de privacidad de todos estos sitios web, ya que sus pol\u00edticas de privacidad pueden diferir materialmente de nuestro Aviso.<\/p>\n<p>Secci\u00f3n 5.01 &#8212; Acuerdo y modificaci\u00f3n: al usar y acceder al sitio web, usted indica que ha le\u00eddo y entendido este Aviso y acepta que recopilemos y usemos informaci\u00f3n de la manera explicada en este Aviso. Este Aviso y los T\u00e9rminos y condiciones del sitio web, incluidas, entre otras, las disposiciones que cubren las limitaciones de da\u00f1os, el arbitraje de disputas y la aplicaci\u00f3n de la ley de Texas rigen cualquier disputa sobre la privacidad. Al usar y acceder al sitio web, usted acepta indemnizarnos por cualquier reclamo de terceros que resulte de su incumplimiento de este Aviso o de los T\u00e9rminos y condiciones del sitio web. Si tiene alguna pregunta o inquietud acerca de su privacidad en el sitio web, <a href=\"https:\/\/lsinsurancetax.seven.zysites.com\/es\/contactenos\/\">cont\u00e1ctenos<\/a>. Si no acepta este Aviso, no acceda ni utilice el Sitio Web. Podemos revisar este Aviso en cualquier momento sin previo aviso actualizando este Aviso. Cualquier modificaci\u00f3n en la forma en que usamos la informaci\u00f3n personal se proporcionar\u00e1 en futuras actualizaciones de este Aviso para que siempre sepa qu\u00e9 informaci\u00f3n recopilamos, c\u00f3mo la usamos y en qu\u00e9 circunstancias divulgamos dicha informaci\u00f3n. Las modificaciones entrar\u00e1n en vigor inmediatamente y estar\u00e1n disponibles en el Sitio Web. Debe visitar esta p\u00e1gina web peri\u00f3dicamente para revisar el Aviso. El usuario acepta dichas modificaciones a este Aviso mediante el uso continuado del Sitio web despu\u00e9s de que se realicen dichas modificaciones.<\/p>\n<p>Secci\u00f3n 6.01: tenga en cuenta que las funciones publicitarias de Google Analytics pueden estar rastreando los datos de los visitantes en este sitio web. Google Analytics puede usar cookies para recopilar datos demogr\u00e1ficos e informes de intereses, que se utilizan para obtener una mejor comprensi\u00f3n general del tipo de personas que visitan el sitio web; para recopilar estad\u00edsticas agregadas de visitas al sitio; y para mejorar las iniciativas de marketing, como la publicidad gr\u00e1fica y de remarketing. Esta informaci\u00f3n no se vender\u00e1 a terceros, y los datos recopilados a trav\u00e9s de las funciones publicitarias de Google Analytics, incluidos los informes demogr\u00e1ficos y de inter\u00e9s, no son de identificaci\u00f3n personal. Si desea excluirse del seguimiento de las funciones publicitarias de Google Analytics, <a href=\"https:\/\/tools.google.com\/dlpage\/gaoptout\/\" target=\"_blank\" rel=\"noopener\">haga clic aqu\u00ed<\/a>.<\/p>\n","protected":false},"excerpt":{"rendered":"<p>Este aviso describe nuestra pol\u00edtica de privacidad (\u00abAviso\u00bb). Al visitar nuestro Sitio web (\u00abSitio web\u00bb), usted acepta las pr\u00e1cticas descritas [&hellip;]<\/p>\n","protected":false},"author":35,"featured_media":0,"parent":0,"menu_order":0,"comment_status":"closed","ping_status":"closed","template":"","meta":{"_acf_changed":false,"_seopress_robots_primary_cat":"","_seopress_titles_title":"","_seopress_titles_desc":"","_seopress_robots_index":"","_analytify_skip_tracking":false,"footnotes":""},"class_list":["post-29","page","type-page","status-publish","hentry"],"acf":[],"_links":{"self":[{"href":"https:\/\/www.lsmtax.com\/es\/wp-json\/wp\/v2\/pages\/29","targetHints":{"allow":["GET"]}}],"collection":[{"href":"https:\/\/www.lsmtax.com\/es\/wp-json\/wp\/v2\/pages"}],"about":[{"href":"https:\/\/www.lsmtax.com\/es\/wp-json\/wp\/v2\/types\/page"}],"author":[{"embeddable":true,"href":"https:\/\/www.lsmtax.com\/es\/wp-json\/wp\/v2\/users\/35"}],"replies":[{"embeddable":true,"href":"https:\/\/www.lsmtax.com\/es\/wp-json\/wp\/v2\/comments?post=29"}],"version-history":[{"count":0,"href":"https:\/\/www.lsmtax.com\/es\/wp-json\/wp\/v2\/pages\/29\/revisions"}],"wp:attachment":[{"href":"https:\/\/www.lsmtax.com\/es\/wp-json\/wp\/v2\/media?parent=29"}],"curies":[{"name":"wp","href":"https:\/\/api.w.org\/{rel}","templated":true}]}}