{"id":6178,"date":"2022-06-20T10:45:26","date_gmt":"2022-06-20T15:45:26","guid":{"rendered":"https:\/\/lsinsurancetax.seven.zysites.com\/about-us\/"},"modified":"2026-02-11T12:59:28","modified_gmt":"2026-02-11T18:59:28","slug":"about-us","status":"publish","type":"page","link":"https:\/\/www.lsmtax.com\/es\/about-us\/","title":{"rendered":"Sobre nosotros"},"content":{"rendered":"<p>Bienvenido a nuestro nuevo sitio web<\/p>\n<p>Nuestro dedicado equipo de profesionales de seguros est\u00e1 aqu\u00ed para ayudarle a obtener una p\u00f3liza que lo proteja a usted y a sus seres queridos durante a\u00f1os. Gracias a nuestro amplio conocimiento de nuestras diversas aseguradoras, estamos capacitados para encontrar la mejor p\u00f3liza que se ajuste a sus necesidades. Nuestro trabajo es ayudarle a explorar la amplia gama de opciones de p\u00f3lizas y aclarar cualquier duda o inquietud que pueda tener durante el proceso.<\/p>\n<p>Hemos atendido con \u00e9xito a cientos de clientes y estamos comprometidos a tratar a cada persona con respeto y compasi\u00f3n. Comprar un seguro puede ser dif\u00edcil, pero nuestro equipo lo hace por usted. Qu\u00e9dese tranquilo sabiendo que nuestros profesionales de seguros lo respaldan.<\/p>\n","protected":false},"excerpt":{"rendered":"<p>Bienvenido a nuestro nuevo sitio web Nuestro dedicado equipo de profesionales de seguros est\u00e1 aqu\u00ed para ayudarle a obtener una [&hellip;]<\/p>\n","protected":false},"author":69,"featured_media":0,"parent":0,"menu_order":0,"comment_status":"closed","ping_status":"closed","template":"","meta":{"_acf_changed":false,"_seopress_robots_primary_cat":"","_seopress_titles_title":"","_seopress_titles_desc":"","_seopress_robots_index":"","_analytify_skip_tracking":false,"footnotes":""},"class_list":["post-6178","page","type-page","status-publish","hentry"],"acf":[],"_links":{"self":[{"href":"https:\/\/www.lsmtax.com\/es\/wp-json\/wp\/v2\/pages\/6178","targetHints":{"allow":["GET"]}}],"collection":[{"href":"https:\/\/www.lsmtax.com\/es\/wp-json\/wp\/v2\/pages"}],"about":[{"href":"https:\/\/www.lsmtax.com\/es\/wp-json\/wp\/v2\/types\/page"}],"author":[{"embeddable":true,"href":"https:\/\/www.lsmtax.com\/es\/wp-json\/wp\/v2\/users\/69"}],"replies":[{"embeddable":true,"href":"https:\/\/www.lsmtax.com\/es\/wp-json\/wp\/v2\/comments?post=6178"}],"version-history":[{"count":0,"href":"https:\/\/www.lsmtax.com\/es\/wp-json\/wp\/v2\/pages\/6178\/revisions"}],"wp:attachment":[{"href":"https:\/\/www.lsmtax.com\/es\/wp-json\/wp\/v2\/media?parent=6178"}],"curies":[{"name":"wp","href":"https:\/\/api.w.org\/{rel}","templated":true}]}}